{"id":10886,"date":"2025-05-08T14:38:41","date_gmt":"2025-05-08T14:38:41","guid":{"rendered":"https:\/\/shop.destofzuigerkoning.nl\/index.php\/product\/aeg-gr-28-5000-serie\/"},"modified":"2025-10-17T12:30:35","modified_gmt":"2025-10-17T12:30:35","slug":"aeg-gr-28-5000-serie","status":"publish","type":"product","link":"https:\/\/shop.destofzuigerkoning.nl\/index.php\/product\/aeg-gr-28-5000-serie\/","title":{"rendered":"AEG GR28 5000-serie"},"content":{"rendered":"<p>10 stuks in verpakking<br \/>\nHigh Filtration<br \/>\n1 uitblaasfilter<\/p>\n<p>O.a. geschikt voor:<br \/>\nAEG (\u00d6ko) Vampyrino 1500<br \/>\nAEG (\u00d6ko) Vampyrino 1600<br \/>\nAEG (\u00d6ko) Vampyrino 1605<br \/>\nAEG (\u00d6ko) Vampyrino 1700 E<br \/>\nAEG (\u00d6ko) Vampyrino 1804<br \/>\nAEG (\u00d6ko) Vampyrino 1805<br \/>\nAEG (\u00d6ko) Vampyrino 500<br \/>\nAEG (\u00d6ko) Vampyrino 5000 &#8211; 5999<br \/>\nAEG AE4500 &#8211; AE4599<br \/>\nAEG CE Azurro<br \/>\nAEG CE Compact 2<br \/>\nAEG CE Croma<br \/>\nAEG CE Jubilee<br \/>\nAEG CE Mega Power 5<br \/>\nAEG CE Mega Power 6<br \/>\nAEG CE POWER<br \/>\nAEG CE Power Trio<br \/>\nAEG CE POWERLINE<br \/>\nAEG CE100 &#8211; CE999<br \/>\nAEG CE150<br \/>\nAEG CE1700<br \/>\nAEG CE1800 Comfort<br \/>\nAEG CE2000 &#8211; CE2999<br \/>\nAEG CE5.1700<br \/>\nAEG CE660<br \/>\nAEG CE680<br \/>\nAEG CE682<br \/>\nAEG CE684<br \/>\nAEG CE692<br \/>\nAEG CE700<br \/>\nAEG CE950 Ecotec<br \/>\nAEG Compact Electronic<br \/>\nAEG E 150<br \/>\nAEG E 160<br \/>\nAEG E 1700 Plus<br \/>\nAEG E 180<br \/>\nAEG E 185<br \/>\nAEG E 200 Turbo<br \/>\nAEG E190<br \/>\nAEG Ergo Essence<br \/>\nAEG Exquisit 1200<br \/>\nAEG Exquisit 1201<br \/>\nAEG Exquisit 1202<br \/>\nAEG Exquisit 1400<br \/>\nAEG Exquisit 1500<br \/>\nAEG Exquisit 200<br \/>\nAEG Exquisit 217<br \/>\nAEG Exquisit 500<br \/>\nAEG Freshline<br \/>\nAEG Gr.28<br \/>\nAEG Lemon<br \/>\nAEG Low Duo<br \/>\nAEG Luxor 1<br \/>\nAEG Mega Power 2<br \/>\nAEG MEGA POWER3<br \/>\nAEG Parketto<br \/>\nAEG Power<br \/>\nAEG POWER TRIO<br \/>\nAEG Red Zac el.<br \/>\nAEG Rosso<br \/>\nAEG SCE.0<br \/>\nAEG SCE.1<br \/>\nAEG Smart &amp; Clean<br \/>\nAEG Sun<br \/>\nAEG Twin T2<br \/>\nHolland Electro C 214<br \/>\nHolland Electro C 216<br \/>\nHolland Electro C 218<br \/>\nPrivileg 084.972<br \/>\nPrivileg 101.393<br \/>\nPrivileg 102.690<br \/>\nPrivileg 102.974<br \/>\nPrivileg 104.432<br \/>\nPrivileg 104.480<br \/>\nPrivileg 106.724<br \/>\nPrivileg 107.023<br \/>\nPrivileg 163.221<br \/>\nPrivileg 304.782<br \/>\nPrivileg 403.970<br \/>\nPrivileg 595.096<br \/>\nProgress Calypso 1300<br \/>\nProgress D 1400<br \/>\nProgress Diamant 110<br \/>\nProgress Diamant 111<br \/>\nProgress Diamant 112<br \/>\nProgress Diamant 1400<br \/>\nProgress Diamant 200 &#8211; 299<br \/>\nProgress Diamant 400<br \/>\nProgress Diamant 410<br \/>\nProgress Diamant 500<br \/>\nProgress Diamant 610<br \/>\nProgress Diamant 710<br \/>\nProgress Diamant 75<br \/>\nProgress Diamant 760<br \/>\nProgress Diamant 800<br \/>\nProgress Diamant 810<br \/>\nProgress Diamant 812<br \/>\nProgress Diamant 850<br \/>\nProgress MAXIMUS 2200<br \/>\nProgress P 60<br \/>\nProgress PA 5190<br \/>\nProgress PA 5200<br \/>\nProgress PA 8170<br \/>\nProgress PC 4484<br \/>\nProgress PS 5205<br \/>\nScanpart AE22+<br \/>\nSMC C-212<br \/>\nSMC C-214<br \/>\nSMC C-216<br \/>\nSMC C-217<br \/>\nSMC Mr. Whisper<br \/>\nThomas Comfort electronic<br \/>\nTornado Complys<br \/>\nTornado Complys CE<br \/>\nTornado Diamant 200<br \/>\nTornado Diamant 210<br \/>\nTornado Diamant 400<br \/>\nTornado TO 210<br \/>\nTornado TO 212<br \/>\nTornado TO 215<br \/>\nTornado TO 216<br \/>\nTornado TO 218<br \/>\nTornado TO 224<br \/>\nTornado TO 260<br \/>\nTornado TO 270<br \/>\nTornado TO 280<br \/>\nTornado TO 290<br \/>\nTornado TO 370<br \/>\nTornado TO 380<br \/>\nTornado TO 390<br \/>\nVolta Diamant<br \/>\nVolta U 405<br \/>\nVolta U 412<br \/>\nVolta U 414<br \/>\nVolta U 416<br \/>\nVolta V 31<\/p>\n","protected":false},"excerpt":{"rendered":"<p>10 stuks in verpakking High Filtration 1 uitblaasfilter O.a. geschikt voor: AEG (\u00d6ko) Vampyrino 1500 AEG (\u00d6ko) Vampyrino 1600 AEG (\u00d6ko) Vampyrino 1605 AEG (\u00d6ko) Vampyrino 1700 E AEG (\u00d6ko)<\/p>\n","protected":false},"featured_media":10885,"comment_status":"open","ping_status":"closed","template":"","meta":{"_acf_changed":false},"product_brand":[8108],"product_cat":[8284],"product_tag":[],"class_list":{"0":"post-10886","1":"product","2":"type-product","3":"status-publish","4":"has-post-thumbnail","6":"product_brand-sqoon","7":"product_cat-stofzuigerzakken-aeg","9":"first","10":"instock","11":"shipping-taxable","12":"purchasable","13":"product-type-simple","14":"add-to-wishlist-after_add_to_cart"},"acf":[],"yoast_head":"<!-- This site is optimized with the Yoast SEO plugin v25.9 - https:\/\/yoast.com\/wordpress\/plugins\/seo\/ -->\n<title>AEG GR28 5000-serie - De Stofzuigerkoning<\/title>\n<meta name=\"robots\" content=\"index, follow, max-snippet:-1, max-image-preview:large, max-video-preview:-1\" \/>\n<link rel=\"canonical\" href=\"https:\/\/shop.destofzuigerkoning.nl\/index.php\/product\/aeg-gr-28-5000-serie\/\" \/>\n<meta property=\"og:locale\" content=\"nl_NL\" \/>\n<meta property=\"og:type\" content=\"article\" \/>\n<meta property=\"og:title\" content=\"AEG GR28 5000-serie - De Stofzuigerkoning\" \/>\n<meta property=\"og:description\" content=\"10 stuks in verpakking High Filtration 1 uitblaasfilter O.a. geschikt voor: AEG (\u00d6ko) Vampyrino 1500 AEG (\u00d6ko) Vampyrino 1600 AEG (\u00d6ko) Vampyrino 1605 AEG (\u00d6ko) Vampyrino 1700 E AEG (\u00d6ko)\" \/>\n<meta property=\"og:url\" content=\"https:\/\/shop.destofzuigerkoning.nl\/index.php\/product\/aeg-gr-28-5000-serie\/\" \/>\n<meta property=\"og:site_name\" content=\"De Stofzuigerkoning\" \/>\n<meta property=\"article:modified_time\" content=\"2025-10-17T12:30:35+00:00\" \/>\n<meta property=\"og:image\" content=\"https:\/\/shop.destofzuigerkoning.nl\/wp-content\/uploads\/2025\/05\/42010.webp\" \/>\n\t<meta property=\"og:image:width\" content=\"1000\" \/>\n\t<meta property=\"og:image:height\" content=\"1000\" \/>\n\t<meta property=\"og:image:type\" content=\"image\/webp\" \/>\n<meta name=\"twitter:card\" content=\"summary_large_image\" \/>\n<meta name=\"twitter:label1\" content=\"Geschatte leestijd\" \/>\n\t<meta name=\"twitter:data1\" content=\"3 minuten\" \/>\n<script type=\"application\/ld+json\" class=\"yoast-schema-graph\">{\"@context\":\"https:\/\/schema.org\",\"@graph\":[{\"@type\":\"WebPage\",\"@id\":\"https:\/\/shop.destofzuigerkoning.nl\/index.php\/product\/aeg-gr-28-5000-serie\/\",\"url\":\"https:\/\/shop.destofzuigerkoning.nl\/index.php\/product\/aeg-gr-28-5000-serie\/\",\"name\":\"AEG GR28 5000-serie - De Stofzuigerkoning\",\"isPartOf\":{\"@id\":\"https:\/\/shop.destofzuigerkoning.nl\/#website\"},\"primaryImageOfPage\":{\"@id\":\"https:\/\/shop.destofzuigerkoning.nl\/index.php\/product\/aeg-gr-28-5000-serie\/#primaryimage\"},\"image\":{\"@id\":\"https:\/\/shop.destofzuigerkoning.nl\/index.php\/product\/aeg-gr-28-5000-serie\/#primaryimage\"},\"thumbnailUrl\":\"https:\/\/shop.destofzuigerkoning.nl\/wp-content\/uploads\/2025\/05\/42010.webp\",\"datePublished\":\"2025-05-08T14:38:41+00:00\",\"dateModified\":\"2025-10-17T12:30:35+00:00\",\"breadcrumb\":{\"@id\":\"https:\/\/shop.destofzuigerkoning.nl\/index.php\/product\/aeg-gr-28-5000-serie\/#breadcrumb\"},\"inLanguage\":\"nl-NL\",\"potentialAction\":[{\"@type\":\"ReadAction\",\"target\":[\"https:\/\/shop.destofzuigerkoning.nl\/index.php\/product\/aeg-gr-28-5000-serie\/\"]}]},{\"@type\":\"ImageObject\",\"inLanguage\":\"nl-NL\",\"@id\":\"https:\/\/shop.destofzuigerkoning.nl\/index.php\/product\/aeg-gr-28-5000-serie\/#primaryimage\",\"url\":\"https:\/\/shop.destofzuigerkoning.nl\/wp-content\/uploads\/2025\/05\/42010.webp\",\"contentUrl\":\"https:\/\/shop.destofzuigerkoning.nl\/wp-content\/uploads\/2025\/05\/42010.webp\",\"width\":1000,\"height\":1000},{\"@type\":\"BreadcrumbList\",\"@id\":\"https:\/\/shop.destofzuigerkoning.nl\/index.php\/product\/aeg-gr-28-5000-serie\/#breadcrumb\",\"itemListElement\":[{\"@type\":\"ListItem\",\"position\":1,\"name\":\"Home\",\"item\":\"https:\/\/shop.destofzuigerkoning.nl\/\"},{\"@type\":\"ListItem\",\"position\":2,\"name\":\"Shop\",\"item\":\"https:\/\/shop.destofzuigerkoning.nl\/index.php\/shop\/\"},{\"@type\":\"ListItem\",\"position\":3,\"name\":\"AEG GR28 5000-serie\"}]},{\"@type\":\"WebSite\",\"@id\":\"https:\/\/shop.destofzuigerkoning.nl\/#website\",\"url\":\"https:\/\/shop.destofzuigerkoning.nl\/\",\"name\":\"De Stofzuigerkoning\",\"description\":\"Unieke producten voor de laagste prijs - uit voorraad leverbaar - supersnel in huis\",\"publisher\":{\"@id\":\"https:\/\/shop.destofzuigerkoning.nl\/#organization\"},\"potentialAction\":[{\"@type\":\"SearchAction\",\"target\":{\"@type\":\"EntryPoint\",\"urlTemplate\":\"https:\/\/shop.destofzuigerkoning.nl\/?s={search_term_string}\"},\"query-input\":{\"@type\":\"PropertyValueSpecification\",\"valueRequired\":true,\"valueName\":\"search_term_string\"}}],\"inLanguage\":\"nl-NL\"},{\"@type\":\"Organization\",\"@id\":\"https:\/\/shop.destofzuigerkoning.nl\/#organization\",\"name\":\"De Stofzuigerkoning\",\"url\":\"https:\/\/shop.destofzuigerkoning.nl\/\",\"logo\":{\"@type\":\"ImageObject\",\"inLanguage\":\"nl-NL\",\"@id\":\"https:\/\/shop.destofzuigerkoning.nl\/#\/schema\/logo\/image\/\",\"url\":\"https:\/\/shop.destofzuigerkoning.nl\/wp-content\/uploads\/2025\/03\/cropped-stozuigerkoning_FINAL_FINAL.png\",\"contentUrl\":\"https:\/\/shop.destofzuigerkoning.nl\/wp-content\/uploads\/2025\/03\/cropped-stozuigerkoning_FINAL_FINAL.png\",\"width\":500,\"height\":571,\"caption\":\"De Stofzuigerkoning\"},\"image\":{\"@id\":\"https:\/\/shop.destofzuigerkoning.nl\/#\/schema\/logo\/image\/\"}}]}<\/script>\n<!-- \/ Yoast SEO plugin. -->","yoast_head_json":{"title":"AEG GR28 5000-serie - De Stofzuigerkoning","robots":{"index":"index","follow":"follow","max-snippet":"max-snippet:-1","max-image-preview":"max-image-preview:large","max-video-preview":"max-video-preview:-1"},"canonical":"https:\/\/shop.destofzuigerkoning.nl\/index.php\/product\/aeg-gr-28-5000-serie\/","og_locale":"nl_NL","og_type":"article","og_title":"AEG GR28 5000-serie - De Stofzuigerkoning","og_description":"10 stuks in verpakking High Filtration 1 uitblaasfilter O.a. geschikt voor: AEG (\u00d6ko) Vampyrino 1500 AEG (\u00d6ko) Vampyrino 1600 AEG (\u00d6ko) Vampyrino 1605 AEG (\u00d6ko) Vampyrino 1700 E AEG (\u00d6ko)","og_url":"https:\/\/shop.destofzuigerkoning.nl\/index.php\/product\/aeg-gr-28-5000-serie\/","og_site_name":"De Stofzuigerkoning","article_modified_time":"2025-10-17T12:30:35+00:00","og_image":[{"width":1000,"height":1000,"url":"https:\/\/shop.destofzuigerkoning.nl\/wp-content\/uploads\/2025\/05\/42010.webp","type":"image\/webp"}],"twitter_card":"summary_large_image","twitter_misc":{"Geschatte leestijd":"3 minuten"},"schema":{"@context":"https:\/\/schema.org","@graph":[{"@type":"WebPage","@id":"https:\/\/shop.destofzuigerkoning.nl\/index.php\/product\/aeg-gr-28-5000-serie\/","url":"https:\/\/shop.destofzuigerkoning.nl\/index.php\/product\/aeg-gr-28-5000-serie\/","name":"AEG GR28 5000-serie - De Stofzuigerkoning","isPartOf":{"@id":"https:\/\/shop.destofzuigerkoning.nl\/#website"},"primaryImageOfPage":{"@id":"https:\/\/shop.destofzuigerkoning.nl\/index.php\/product\/aeg-gr-28-5000-serie\/#primaryimage"},"image":{"@id":"https:\/\/shop.destofzuigerkoning.nl\/index.php\/product\/aeg-gr-28-5000-serie\/#primaryimage"},"thumbnailUrl":"https:\/\/shop.destofzuigerkoning.nl\/wp-content\/uploads\/2025\/05\/42010.webp","datePublished":"2025-05-08T14:38:41+00:00","dateModified":"2025-10-17T12:30:35+00:00","breadcrumb":{"@id":"https:\/\/shop.destofzuigerkoning.nl\/index.php\/product\/aeg-gr-28-5000-serie\/#breadcrumb"},"inLanguage":"nl-NL","potentialAction":[{"@type":"ReadAction","target":["https:\/\/shop.destofzuigerkoning.nl\/index.php\/product\/aeg-gr-28-5000-serie\/"]}]},{"@type":"ImageObject","inLanguage":"nl-NL","@id":"https:\/\/shop.destofzuigerkoning.nl\/index.php\/product\/aeg-gr-28-5000-serie\/#primaryimage","url":"https:\/\/shop.destofzuigerkoning.nl\/wp-content\/uploads\/2025\/05\/42010.webp","contentUrl":"https:\/\/shop.destofzuigerkoning.nl\/wp-content\/uploads\/2025\/05\/42010.webp","width":1000,"height":1000},{"@type":"BreadcrumbList","@id":"https:\/\/shop.destofzuigerkoning.nl\/index.php\/product\/aeg-gr-28-5000-serie\/#breadcrumb","itemListElement":[{"@type":"ListItem","position":1,"name":"Home","item":"https:\/\/shop.destofzuigerkoning.nl\/"},{"@type":"ListItem","position":2,"name":"Shop","item":"https:\/\/shop.destofzuigerkoning.nl\/index.php\/shop\/"},{"@type":"ListItem","position":3,"name":"AEG GR28 5000-serie"}]},{"@type":"WebSite","@id":"https:\/\/shop.destofzuigerkoning.nl\/#website","url":"https:\/\/shop.destofzuigerkoning.nl\/","name":"De Stofzuigerkoning","description":"Unieke producten voor de laagste prijs - uit voorraad leverbaar - supersnel in huis","publisher":{"@id":"https:\/\/shop.destofzuigerkoning.nl\/#organization"},"potentialAction":[{"@type":"SearchAction","target":{"@type":"EntryPoint","urlTemplate":"https:\/\/shop.destofzuigerkoning.nl\/?s={search_term_string}"},"query-input":{"@type":"PropertyValueSpecification","valueRequired":true,"valueName":"search_term_string"}}],"inLanguage":"nl-NL"},{"@type":"Organization","@id":"https:\/\/shop.destofzuigerkoning.nl\/#organization","name":"De Stofzuigerkoning","url":"https:\/\/shop.destofzuigerkoning.nl\/","logo":{"@type":"ImageObject","inLanguage":"nl-NL","@id":"https:\/\/shop.destofzuigerkoning.nl\/#\/schema\/logo\/image\/","url":"https:\/\/shop.destofzuigerkoning.nl\/wp-content\/uploads\/2025\/03\/cropped-stozuigerkoning_FINAL_FINAL.png","contentUrl":"https:\/\/shop.destofzuigerkoning.nl\/wp-content\/uploads\/2025\/03\/cropped-stozuigerkoning_FINAL_FINAL.png","width":500,"height":571,"caption":"De Stofzuigerkoning"},"image":{"@id":"https:\/\/shop.destofzuigerkoning.nl\/#\/schema\/logo\/image\/"}}]}},"_links":{"self":[{"href":"https:\/\/shop.destofzuigerkoning.nl\/index.php\/wp-json\/wp\/v2\/product\/10886","targetHints":{"allow":["GET"]}}],"collection":[{"href":"https:\/\/shop.destofzuigerkoning.nl\/index.php\/wp-json\/wp\/v2\/product"}],"about":[{"href":"https:\/\/shop.destofzuigerkoning.nl\/index.php\/wp-json\/wp\/v2\/types\/product"}],"replies":[{"embeddable":true,"href":"https:\/\/shop.destofzuigerkoning.nl\/index.php\/wp-json\/wp\/v2\/comments?post=10886"}],"wp:featuredmedia":[{"embeddable":true,"href":"https:\/\/shop.destofzuigerkoning.nl\/index.php\/wp-json\/wp\/v2\/media\/10885"}],"wp:attachment":[{"href":"https:\/\/shop.destofzuigerkoning.nl\/index.php\/wp-json\/wp\/v2\/media?parent=10886"}],"wp:term":[{"taxonomy":"product_brand","embeddable":true,"href":"https:\/\/shop.destofzuigerkoning.nl\/index.php\/wp-json\/wp\/v2\/product_brand?post=10886"},{"taxonomy":"product_cat","embeddable":true,"href":"https:\/\/shop.destofzuigerkoning.nl\/index.php\/wp-json\/wp\/v2\/product_cat?post=10886"},{"taxonomy":"product_tag","embeddable":true,"href":"https:\/\/shop.destofzuigerkoning.nl\/index.php\/wp-json\/wp\/v2\/product_tag?post=10886"}],"curies":[{"name":"wp","href":"https:\/\/api.w.org\/{rel}","templated":true}]}}