{"id":8319,"date":"2024-09-24T12:58:31","date_gmt":"2024-09-24T12:58:31","guid":{"rendered":"https:\/\/shop.destofzuigerkoning.nl\/index.php\/product\/felix-1-premium-zwart-2\/"},"modified":"2025-09-30T12:41:59","modified_gmt":"2025-09-30T12:41:59","slug":"felix-1-premium-zwart-2","status":"publish","type":"product","link":"https:\/\/shop.destofzuigerkoning.nl\/index.php\/product\/felix-1-premium-zwart-2\/","title":{"rendered":"Sebo Felix 1 Premium Zwart"},"content":{"rendered":"<p style=\"color: #535353;font-family: verdana, arial;font-size: 11px;line-height: 18px\">\u2018s-Werelds meest wendbare borstelstofzuiger.<\/p>\n<p style=\"color: #535353;font-family: verdana, arial;font-size: 11px;line-height: 18px\">De Sebo Felix en de Sebo Dart zijn twee motorige borstelstofzuigers die uitgerust zijn met een zuigmotor en een separate borstelmotor. De Sebo Felix (voor het huishoudelijke gebruik) en de Sebo Dart ( voor projectmatig gebruik) is primair een stofzuiger voor het optimaal stofzuigen van tapijt.<\/p>\n<p style=\"color: #535353;font-family: verdana, arial;font-size: 11px;line-height: 18px\">Voor het zuigen van parket, plavuizen en laminaat of andere harde vloeren adviseren wij de Sebo parketborstel, die standaard geleverd wordt bij de Felix Classic, Fun en Black Premium I. Deze speciaal door Sebo ontwikkelde parketborstel is voorzien van dubbel gelagerde rubberwielen zodat er geen beschadigingen aan de vloer kunnen ontstaan.<\/p>\n<p style=\"color: #535353;font-family: verdana, arial;font-size: 11px;line-height: 18px\">Door het draai\/kantelgewricht zijn de Sebo Felix en de Sebo Dart 90\u00b0 verticaal en 180\u00b0 horizontaal draaibaar. Dit maakt deze borstelstofzuigers uiterst wendbaar en dus bijzonder geschikt voor kleinere ruimtes of voor oppervlakten waarin veel obstakels staan.<\/p>\n<p style=\"color: #535353;font-family: verdana, arial;font-size: 11px;line-height: 18px\">Met de ge\u00efntegreerde slang, eventueel in combinatie met \u00e9\u00e9n van de hulpstukken kunt u meubels etc., in een handomdraai van vervuiling ontdoen. Bij de Sebo Felix schakelt de borstelmotor uit zodra u de slang gebruikt. Bij de Sebo Dart Schakelt de motor pas uit als de machine rechtop wordt geplaatst.<\/p>\n<p style=\"color: #535353;font-family: verdana, arial;font-size: 11px;line-height: 18px\">Voor het stofzuigen van de trap of andere moeilijk bereikbare plaatsen, kan de zuigunit ook gebruikt worden zonder de electroborstel of de parketborstel. Dankzij de draagbeugel kunt u de zuigunit gemakkelijk meenemen, waarbij bij de Sebo Classic, Fun en de Black Premium de telescoopsteel desgewenst in het huis geschoven kan worden.<\/p>\n<p style=\"color: #535353;font-family: verdana, arial;font-size: 11px;line-height: 18px\">Door de lange netkabel hebben de Sebo Felix en de Sebo Dart een bijzonder grote actieradius<\/p>\n","protected":false},"excerpt":{"rendered":"<p>\u2018s-Werelds meest wendbare borstelstofzuiger. De Sebo Felix en de Sebo Dart zijn twee motorige borstelstofzuigers die uitgerust zijn met een zuigmotor en een separate borstelmotor. De Sebo Felix (voor het<\/p>\n","protected":false},"featured_media":9139,"comment_status":"open","ping_status":"closed","template":"","meta":{"_acf_changed":false},"product_brand":[8076],"product_cat":[8300],"product_tag":[],"class_list":{"0":"post-8319","1":"product","2":"type-product","3":"status-publish","4":"has-post-thumbnail","6":"product_brand-sebo","7":"product_cat-stofzuigers-sebo","9":"first","10":"instock","11":"shipping-taxable","12":"purchasable","13":"product-type-simple","14":"add-to-wishlist-after_add_to_cart"},"acf":[],"yoast_head":"<!-- This site is optimized with the Yoast SEO plugin v25.9 - https:\/\/yoast.com\/wordpress\/plugins\/seo\/ -->\n<title>Sebo Felix 1 Premium Zwart - De Stofzuigerkoning<\/title>\n<meta name=\"robots\" content=\"index, follow, max-snippet:-1, max-image-preview:large, max-video-preview:-1\" \/>\n<link rel=\"canonical\" href=\"https:\/\/shop.destofzuigerkoning.nl\/index.php\/product\/felix-1-premium-zwart-2\/\" \/>\n<meta property=\"og:locale\" content=\"nl_NL\" \/>\n<meta property=\"og:type\" content=\"article\" \/>\n<meta property=\"og:title\" content=\"Sebo Felix 1 Premium Zwart - De Stofzuigerkoning\" \/>\n<meta property=\"og:description\" content=\"\u2018s-Werelds meest wendbare borstelstofzuiger. De Sebo Felix en de Sebo Dart zijn twee motorige borstelstofzuigers die uitgerust zijn met een zuigmotor en een separate borstelmotor. De Sebo Felix (voor het\" \/>\n<meta property=\"og:url\" content=\"https:\/\/shop.destofzuigerkoning.nl\/index.php\/product\/felix-1-premium-zwart-2\/\" \/>\n<meta property=\"og:site_name\" content=\"De Stofzuigerkoning\" \/>\n<meta property=\"article:modified_time\" content=\"2025-09-30T12:41:59+00:00\" \/>\n<meta property=\"og:image\" content=\"https:\/\/shop.destofzuigerkoning.nl\/wp-content\/uploads\/2024\/09\/sebo-sebo-felix-1-premium.webp\" \/>\n\t<meta property=\"og:image:width\" content=\"650\" \/>\n\t<meta property=\"og:image:height\" content=\"750\" \/>\n\t<meta property=\"og:image:type\" content=\"image\/webp\" \/>\n<meta name=\"twitter:card\" content=\"summary_large_image\" \/>\n<meta name=\"twitter:label1\" content=\"Geschatte leestijd\" \/>\n\t<meta name=\"twitter:data1\" content=\"2 minuten\" \/>\n<script type=\"application\/ld+json\" class=\"yoast-schema-graph\">{\"@context\":\"https:\/\/schema.org\",\"@graph\":[{\"@type\":\"WebPage\",\"@id\":\"https:\/\/shop.destofzuigerkoning.nl\/index.php\/product\/felix-1-premium-zwart-2\/\",\"url\":\"https:\/\/shop.destofzuigerkoning.nl\/index.php\/product\/felix-1-premium-zwart-2\/\",\"name\":\"Sebo Felix 1 Premium Zwart - De Stofzuigerkoning\",\"isPartOf\":{\"@id\":\"https:\/\/shop.destofzuigerkoning.nl\/#website\"},\"primaryImageOfPage\":{\"@id\":\"https:\/\/shop.destofzuigerkoning.nl\/index.php\/product\/felix-1-premium-zwart-2\/#primaryimage\"},\"image\":{\"@id\":\"https:\/\/shop.destofzuigerkoning.nl\/index.php\/product\/felix-1-premium-zwart-2\/#primaryimage\"},\"thumbnailUrl\":\"https:\/\/shop.destofzuigerkoning.nl\/wp-content\/uploads\/2024\/09\/sebo-sebo-felix-1-premium.webp\",\"datePublished\":\"2024-09-24T12:58:31+00:00\",\"dateModified\":\"2025-09-30T12:41:59+00:00\",\"breadcrumb\":{\"@id\":\"https:\/\/shop.destofzuigerkoning.nl\/index.php\/product\/felix-1-premium-zwart-2\/#breadcrumb\"},\"inLanguage\":\"nl-NL\",\"potentialAction\":[{\"@type\":\"ReadAction\",\"target\":[\"https:\/\/shop.destofzuigerkoning.nl\/index.php\/product\/felix-1-premium-zwart-2\/\"]}]},{\"@type\":\"ImageObject\",\"inLanguage\":\"nl-NL\",\"@id\":\"https:\/\/shop.destofzuigerkoning.nl\/index.php\/product\/felix-1-premium-zwart-2\/#primaryimage\",\"url\":\"https:\/\/shop.destofzuigerkoning.nl\/wp-content\/uploads\/2024\/09\/sebo-sebo-felix-1-premium.webp\",\"contentUrl\":\"https:\/\/shop.destofzuigerkoning.nl\/wp-content\/uploads\/2024\/09\/sebo-sebo-felix-1-premium.webp\",\"width\":650,\"height\":750},{\"@type\":\"BreadcrumbList\",\"@id\":\"https:\/\/shop.destofzuigerkoning.nl\/index.php\/product\/felix-1-premium-zwart-2\/#breadcrumb\",\"itemListElement\":[{\"@type\":\"ListItem\",\"position\":1,\"name\":\"Home\",\"item\":\"https:\/\/shop.destofzuigerkoning.nl\/\"},{\"@type\":\"ListItem\",\"position\":2,\"name\":\"Shop\",\"item\":\"https:\/\/shop.destofzuigerkoning.nl\/index.php\/shop\/\"},{\"@type\":\"ListItem\",\"position\":3,\"name\":\"Sebo Felix 1 Premium Zwart\"}]},{\"@type\":\"WebSite\",\"@id\":\"https:\/\/shop.destofzuigerkoning.nl\/#website\",\"url\":\"https:\/\/shop.destofzuigerkoning.nl\/\",\"name\":\"De Stofzuigerkoning\",\"description\":\"Unieke producten voor de laagste prijs - uit voorraad leverbaar - supersnel in huis\",\"publisher\":{\"@id\":\"https:\/\/shop.destofzuigerkoning.nl\/#organization\"},\"potentialAction\":[{\"@type\":\"SearchAction\",\"target\":{\"@type\":\"EntryPoint\",\"urlTemplate\":\"https:\/\/shop.destofzuigerkoning.nl\/?s={search_term_string}\"},\"query-input\":{\"@type\":\"PropertyValueSpecification\",\"valueRequired\":true,\"valueName\":\"search_term_string\"}}],\"inLanguage\":\"nl-NL\"},{\"@type\":\"Organization\",\"@id\":\"https:\/\/shop.destofzuigerkoning.nl\/#organization\",\"name\":\"De Stofzuigerkoning\",\"url\":\"https:\/\/shop.destofzuigerkoning.nl\/\",\"logo\":{\"@type\":\"ImageObject\",\"inLanguage\":\"nl-NL\",\"@id\":\"https:\/\/shop.destofzuigerkoning.nl\/#\/schema\/logo\/image\/\",\"url\":\"https:\/\/shop.destofzuigerkoning.nl\/wp-content\/uploads\/2025\/03\/cropped-stozuigerkoning_FINAL_FINAL.png\",\"contentUrl\":\"https:\/\/shop.destofzuigerkoning.nl\/wp-content\/uploads\/2025\/03\/cropped-stozuigerkoning_FINAL_FINAL.png\",\"width\":500,\"height\":571,\"caption\":\"De Stofzuigerkoning\"},\"image\":{\"@id\":\"https:\/\/shop.destofzuigerkoning.nl\/#\/schema\/logo\/image\/\"}}]}<\/script>\n<!-- \/ Yoast SEO plugin. -->","yoast_head_json":{"title":"Sebo Felix 1 Premium Zwart - De Stofzuigerkoning","robots":{"index":"index","follow":"follow","max-snippet":"max-snippet:-1","max-image-preview":"max-image-preview:large","max-video-preview":"max-video-preview:-1"},"canonical":"https:\/\/shop.destofzuigerkoning.nl\/index.php\/product\/felix-1-premium-zwart-2\/","og_locale":"nl_NL","og_type":"article","og_title":"Sebo Felix 1 Premium Zwart - De Stofzuigerkoning","og_description":"\u2018s-Werelds meest wendbare borstelstofzuiger. De Sebo Felix en de Sebo Dart zijn twee motorige borstelstofzuigers die uitgerust zijn met een zuigmotor en een separate borstelmotor. De Sebo Felix (voor het","og_url":"https:\/\/shop.destofzuigerkoning.nl\/index.php\/product\/felix-1-premium-zwart-2\/","og_site_name":"De Stofzuigerkoning","article_modified_time":"2025-09-30T12:41:59+00:00","og_image":[{"width":650,"height":750,"url":"https:\/\/shop.destofzuigerkoning.nl\/wp-content\/uploads\/2024\/09\/sebo-sebo-felix-1-premium.webp","type":"image\/webp"}],"twitter_card":"summary_large_image","twitter_misc":{"Geschatte leestijd":"2 minuten"},"schema":{"@context":"https:\/\/schema.org","@graph":[{"@type":"WebPage","@id":"https:\/\/shop.destofzuigerkoning.nl\/index.php\/product\/felix-1-premium-zwart-2\/","url":"https:\/\/shop.destofzuigerkoning.nl\/index.php\/product\/felix-1-premium-zwart-2\/","name":"Sebo Felix 1 Premium Zwart - De Stofzuigerkoning","isPartOf":{"@id":"https:\/\/shop.destofzuigerkoning.nl\/#website"},"primaryImageOfPage":{"@id":"https:\/\/shop.destofzuigerkoning.nl\/index.php\/product\/felix-1-premium-zwart-2\/#primaryimage"},"image":{"@id":"https:\/\/shop.destofzuigerkoning.nl\/index.php\/product\/felix-1-premium-zwart-2\/#primaryimage"},"thumbnailUrl":"https:\/\/shop.destofzuigerkoning.nl\/wp-content\/uploads\/2024\/09\/sebo-sebo-felix-1-premium.webp","datePublished":"2024-09-24T12:58:31+00:00","dateModified":"2025-09-30T12:41:59+00:00","breadcrumb":{"@id":"https:\/\/shop.destofzuigerkoning.nl\/index.php\/product\/felix-1-premium-zwart-2\/#breadcrumb"},"inLanguage":"nl-NL","potentialAction":[{"@type":"ReadAction","target":["https:\/\/shop.destofzuigerkoning.nl\/index.php\/product\/felix-1-premium-zwart-2\/"]}]},{"@type":"ImageObject","inLanguage":"nl-NL","@id":"https:\/\/shop.destofzuigerkoning.nl\/index.php\/product\/felix-1-premium-zwart-2\/#primaryimage","url":"https:\/\/shop.destofzuigerkoning.nl\/wp-content\/uploads\/2024\/09\/sebo-sebo-felix-1-premium.webp","contentUrl":"https:\/\/shop.destofzuigerkoning.nl\/wp-content\/uploads\/2024\/09\/sebo-sebo-felix-1-premium.webp","width":650,"height":750},{"@type":"BreadcrumbList","@id":"https:\/\/shop.destofzuigerkoning.nl\/index.php\/product\/felix-1-premium-zwart-2\/#breadcrumb","itemListElement":[{"@type":"ListItem","position":1,"name":"Home","item":"https:\/\/shop.destofzuigerkoning.nl\/"},{"@type":"ListItem","position":2,"name":"Shop","item":"https:\/\/shop.destofzuigerkoning.nl\/index.php\/shop\/"},{"@type":"ListItem","position":3,"name":"Sebo Felix 1 Premium Zwart"}]},{"@type":"WebSite","@id":"https:\/\/shop.destofzuigerkoning.nl\/#website","url":"https:\/\/shop.destofzuigerkoning.nl\/","name":"De Stofzuigerkoning","description":"Unieke producten voor de laagste prijs - uit voorraad leverbaar - supersnel in huis","publisher":{"@id":"https:\/\/shop.destofzuigerkoning.nl\/#organization"},"potentialAction":[{"@type":"SearchAction","target":{"@type":"EntryPoint","urlTemplate":"https:\/\/shop.destofzuigerkoning.nl\/?s={search_term_string}"},"query-input":{"@type":"PropertyValueSpecification","valueRequired":true,"valueName":"search_term_string"}}],"inLanguage":"nl-NL"},{"@type":"Organization","@id":"https:\/\/shop.destofzuigerkoning.nl\/#organization","name":"De Stofzuigerkoning","url":"https:\/\/shop.destofzuigerkoning.nl\/","logo":{"@type":"ImageObject","inLanguage":"nl-NL","@id":"https:\/\/shop.destofzuigerkoning.nl\/#\/schema\/logo\/image\/","url":"https:\/\/shop.destofzuigerkoning.nl\/wp-content\/uploads\/2025\/03\/cropped-stozuigerkoning_FINAL_FINAL.png","contentUrl":"https:\/\/shop.destofzuigerkoning.nl\/wp-content\/uploads\/2025\/03\/cropped-stozuigerkoning_FINAL_FINAL.png","width":500,"height":571,"caption":"De Stofzuigerkoning"},"image":{"@id":"https:\/\/shop.destofzuigerkoning.nl\/#\/schema\/logo\/image\/"}}]}},"_links":{"self":[{"href":"https:\/\/shop.destofzuigerkoning.nl\/index.php\/wp-json\/wp\/v2\/product\/8319","targetHints":{"allow":["GET"]}}],"collection":[{"href":"https:\/\/shop.destofzuigerkoning.nl\/index.php\/wp-json\/wp\/v2\/product"}],"about":[{"href":"https:\/\/shop.destofzuigerkoning.nl\/index.php\/wp-json\/wp\/v2\/types\/product"}],"replies":[{"embeddable":true,"href":"https:\/\/shop.destofzuigerkoning.nl\/index.php\/wp-json\/wp\/v2\/comments?post=8319"}],"wp:featuredmedia":[{"embeddable":true,"href":"https:\/\/shop.destofzuigerkoning.nl\/index.php\/wp-json\/wp\/v2\/media\/9139"}],"wp:attachment":[{"href":"https:\/\/shop.destofzuigerkoning.nl\/index.php\/wp-json\/wp\/v2\/media?parent=8319"}],"wp:term":[{"taxonomy":"product_brand","embeddable":true,"href":"https:\/\/shop.destofzuigerkoning.nl\/index.php\/wp-json\/wp\/v2\/product_brand?post=8319"},{"taxonomy":"product_cat","embeddable":true,"href":"https:\/\/shop.destofzuigerkoning.nl\/index.php\/wp-json\/wp\/v2\/product_cat?post=8319"},{"taxonomy":"product_tag","embeddable":true,"href":"https:\/\/shop.destofzuigerkoning.nl\/index.php\/wp-json\/wp\/v2\/product_tag?post=8319"}],"curies":[{"name":"wp","href":"https:\/\/api.w.org\/{rel}","templated":true}]}}